{"id":6,"date":"2018-10-18T17:17:42","date_gmt":"2018-10-18T17:17:42","guid":{"rendered":"http:\/\/miri-watson.de\/?page_id=6"},"modified":"2019-11-29T08:42:35","modified_gmt":"2019-11-29T08:42:35","slug":"veroeffentlichungen","status":"publish","type":"page","link":"https:\/\/miri-watson.de\/?page_id=6","title":{"rendered":"MEER OHNE MO"},"content":{"rendered":"\n<figure class=\"wp-block-image\"><img loading=\"lazy\" width=\"600\" height=\"956\" src=\"http:\/\/miri-watson.de\/wp-content\/uploads\/2019\/03\/Cover_Watson_Meer-ohne-Mo-600x956.jpg\" alt=\"\" class=\"wp-image-1058\" srcset=\"https:\/\/miri-watson.de\/wp-content\/uploads\/2019\/03\/Cover_Watson_Meer-ohne-Mo-600x956.jpg 600w, https:\/\/miri-watson.de\/wp-content\/uploads\/2019\/03\/Cover_Watson_Meer-ohne-Mo-600x956-188x300.jpg 188w\" sizes=\"(max-width: 600px) 100vw, 600px\" \/><figcaption>Cover von Miri Watsons Deb\u00fctroman &#8222;Meer ohne Mo&#8220;<\/figcaption><\/figure>\n\n\n\n<p>Miri Watsons Deb\u00fctroman &#8222;Meer ohne Mo&#8220; erscheint im Dezember 2019 beim Berliner Verlag <a href=\"https:\/\/duotincta.de\">duotincta<\/a>.<br><br>Vorgelesene Textpassagen und ein Gespr\u00e4ch mit Miri \u00fcber ihren Roman gibt&#8217;s hier beim Freien Radio W\u00fcste Welle: <a href=\"https:\/\/www.wueste-welle.de\/redaktion\/view\/id\/25\/tab\/weblog\/article\/72340\/Miri_Watson____Meer_ohne_Mo.html\">Miri \u00fcber &#8222;Meer ohne Mo&#8220;<\/a><br><\/p>\n\n\n\n<figure class=\"wp-block-embed-wordpress aligncenter wp-block-embed is-type-wp-embed is-provider-verlag-duotincta\"><div class=\"wp-block-embed__wrapper\">\n<blockquote class=\"wp-embedded-content\" data-secret=\"n4e7tzmUvS\"><a href=\"https:\/\/duotincta.de\/kulturgut\/meer-ohne-mo\/\">Meer ohne Mo<\/a><\/blockquote><iframe title=\"&#8222;Meer ohne Mo&#8220; &#8212; Verlag duotincta\" class=\"wp-embedded-content\" sandbox=\"allow-scripts\" security=\"restricted\" style=\"position: absolute; clip: rect(1px, 1px, 1px, 1px);\" src=\"https:\/\/duotincta.de\/kulturgut\/meer-ohne-mo\/embed\/#?secret=n4e7tzmUvS\" data-secret=\"n4e7tzmUvS\" width=\"525\" height=\"296\" frameborder=\"0\" marginwidth=\"0\" marginheight=\"0\" scrolling=\"no\"><\/iframe>\n<\/div><\/figure>\n","protected":false},"excerpt":{"rendered":"<p>Miri Watsons Deb\u00fctroman &#8222;Meer ohne Mo&#8220; erscheint im Dezember 2019 beim Berliner Verlag duotincta. Vorgelesene Textpassagen und ein Gespr\u00e4ch mit Miri \u00fcber ihren Roman gibt&#8217;s hier beim Freien Radio W\u00fcste Welle: Miri \u00fcber &#8222;Meer ohne Mo&#8220;<\/p>\n","protected":false},"author":1,"featured_media":0,"parent":0,"menu_order":0,"comment_status":"closed","ping_status":"closed","template":"","meta":{"ngg_post_thumbnail":0},"_links":{"self":[{"href":"https:\/\/miri-watson.de\/index.php?rest_route=\/wp\/v2\/pages\/6"}],"collection":[{"href":"https:\/\/miri-watson.de\/index.php?rest_route=\/wp\/v2\/pages"}],"about":[{"href":"https:\/\/miri-watson.de\/index.php?rest_route=\/wp\/v2\/types\/page"}],"author":[{"embeddable":true,"href":"https:\/\/miri-watson.de\/index.php?rest_route=\/wp\/v2\/users\/1"}],"replies":[{"embeddable":true,"href":"https:\/\/miri-watson.de\/index.php?rest_route=%2Fwp%2Fv2%2Fcomments&post=6"}],"version-history":[{"count":5,"href":"https:\/\/miri-watson.de\/index.php?rest_route=\/wp\/v2\/pages\/6\/revisions"}],"predecessor-version":[{"id":1284,"href":"https:\/\/miri-watson.de\/index.php?rest_route=\/wp\/v2\/pages\/6\/revisions\/1284"}],"wp:attachment":[{"href":"https:\/\/miri-watson.de\/index.php?rest_route=%2Fwp%2Fv2%2Fmedia&parent=6"}],"curies":[{"name":"wp","href":"https:\/\/api.w.org\/{rel}","templated":true}]}}