{"id":989,"date":"2018-11-15T22:49:40","date_gmt":"2018-11-15T22:49:40","guid":{"rendered":"http:\/\/miri-watson.de\/?page_id=989"},"modified":"2020-07-14T09:19:33","modified_gmt":"2020-07-14T09:19:33","slug":"ueber-miri","status":"publish","type":"page","link":"https:\/\/miri-watson.de\/?page_id=989","title":{"rendered":"\u00dcBER MIRI"},"content":{"rendered":"\n<p>Miri Watson kam 1992 auf die Welt und hat seitdem viel gelesen. Folgerichtig studiert sie jetzt Internationale Literaturen; au\u00dferdem Sprachen, Geschichte und Kulturen des Nahen Ostens in T\u00fcbingen.<br>Sie schreibt f\u00fcr die Lokalzeitung und f\u00fcr diverse Magazine und moderiert zwei Radiosendungen beim Freien Radio W\u00fcste Welle.<br>Sie mag Kaffee und ihr Kind und kann jegliche Formen von Herrschaft nicht leiden. Auch wenn viele das denken: Mit Sherlock Holmes hat sie nie zusammengearbeitet.<\/p>\n\n\n\n<figure class=\"wp-block-image\"><img loading=\"lazy\" width=\"1920\" height=\"1280\" src=\"https:\/\/miri-watson.de\/wp-content\/uploads\/2020\/07\/miri_liest.jpeg\" alt=\"\" class=\"wp-image-1303\" srcset=\"https:\/\/miri-watson.de\/wp-content\/uploads\/2020\/07\/miri_liest.jpeg 1920w, https:\/\/miri-watson.de\/wp-content\/uploads\/2020\/07\/miri_liest-300x200.jpeg 300w, https:\/\/miri-watson.de\/wp-content\/uploads\/2020\/07\/miri_liest-768x512.jpeg 768w, https:\/\/miri-watson.de\/wp-content\/uploads\/2020\/07\/miri_liest-1024x683.jpeg 1024w\" sizes=\"(max-width: 767px) 89vw, (max-width: 1000px) 54vw, (max-width: 1071px) 543px, 580px\" \/><\/figure>\n","protected":false},"excerpt":{"rendered":"<p>Miri Watson kam 1992 auf die Welt und hat seitdem viel gelesen. Folgerichtig studiert sie jetzt Internationale Literaturen; au\u00dferdem Sprachen, Geschichte und Kulturen des Nahen Ostens in T\u00fcbingen.Sie schreibt f\u00fcr die Lokalzeitung und f\u00fcr diverse Magazine und moderiert zwei Radiosendungen beim Freien Radio W\u00fcste Welle.Sie mag Kaffee und ihr Kind und kann jegliche Formen von &hellip; <\/p>\n<p class=\"link-more\"><a href=\"https:\/\/miri-watson.de\/?page_id=989\" class=\"more-link\"><span class=\"screen-reader-text\">\u201e\u00dcBER MIRI\u201c<\/span> weiterlesen<\/a><\/p>\n","protected":false},"author":1,"featured_media":0,"parent":0,"menu_order":0,"comment_status":"closed","ping_status":"closed","template":"","meta":{"ngg_post_thumbnail":0},"_links":{"self":[{"href":"https:\/\/miri-watson.de\/index.php?rest_route=\/wp\/v2\/pages\/989"}],"collection":[{"href":"https:\/\/miri-watson.de\/index.php?rest_route=\/wp\/v2\/pages"}],"about":[{"href":"https:\/\/miri-watson.de\/index.php?rest_route=\/wp\/v2\/types\/page"}],"author":[{"embeddable":true,"href":"https:\/\/miri-watson.de\/index.php?rest_route=\/wp\/v2\/users\/1"}],"replies":[{"embeddable":true,"href":"https:\/\/miri-watson.de\/index.php?rest_route=%2Fwp%2Fv2%2Fcomments&post=989"}],"version-history":[{"count":12,"href":"https:\/\/miri-watson.de\/index.php?rest_route=\/wp\/v2\/pages\/989\/revisions"}],"predecessor-version":[{"id":1306,"href":"https:\/\/miri-watson.de\/index.php?rest_route=\/wp\/v2\/pages\/989\/revisions\/1306"}],"wp:attachment":[{"href":"https:\/\/miri-watson.de\/index.php?rest_route=%2Fwp%2Fv2%2Fmedia&parent=989"}],"curies":[{"name":"wp","href":"https:\/\/api.w.org\/{rel}","templated":true}]}}